{"id":180,"date":"2024-09-20T19:20:17","date_gmt":"2024-09-21T00:20:17","guid":{"rendered":"https:\/\/www.motoresypartesjancor.com\/?page_id=180"},"modified":"2025-09-11T11:31:05","modified_gmt":"2025-09-11T16:31:05","slug":"nosotros","status":"publish","type":"page","link":"https:\/\/www.motoresypartesjancor.com\/?page_id=180","title":{"rendered":"Nosotros"},"content":{"rendered":"\t\t<div data-elementor-type=\"wp-page\" data-elementor-id=\"180\" class=\"elementor elementor-180\" data-elementor-post-type=\"page\">\n\t\t\t\t<div class=\"elementor-element elementor-element-d3d8e0f e-flex e-con-boxed e-con e-parent\" data-id=\"d3d8e0f\" data-element_type=\"container\" data-settings=\"{&quot;background_background&quot;:&quot;classic&quot;}\">\n\t\t\t\t\t<div class=\"e-con-inner\">\n\t\t\t\t<div class=\"elementor-element elementor-element-0eb5a25 elementor-widget elementor-widget-heading\" data-id=\"0eb5a25\" data-element_type=\"widget\" data-widget_type=\"heading.default\">\n\t\t\t\t<div class=\"elementor-widget-container\">\n\t\t\t<h1 class=\"elementor-heading-title elementor-size-default\">NOSOTROS<\/h1>\t\t<\/div>\n\t\t\t\t<\/div>\n\t\t\t\t<div class=\"elementor-element elementor-element-4137f04 elementor-icon-list--layout-inline elementor-align-center elementor-list-item-link-full_width elementor-widget elementor-widget-icon-list\" data-id=\"4137f04\" data-element_type=\"widget\" data-widget_type=\"icon-list.default\">\n\t\t\t\t<div class=\"elementor-widget-container\">\n\t\t\t\t\t<ul class=\"elementor-icon-list-items elementor-inline-items\">\n\t\t\t\t\t\t\t<li class=\"elementor-icon-list-item elementor-inline-item\">\n\t\t\t\t\t\t\t\t\t\t\t<a href=\"#\">\n\n\t\t\t\t\t\t\t\t\t\t\t<span class=\"elementor-icon-list-text\">Home<\/span>\n\t\t\t\t\t\t\t\t\t\t\t<\/a>\n\t\t\t\t\t\t\t\t\t<\/li>\n\t\t\t\t\t\t\t\t<li class=\"elementor-icon-list-item elementor-inline-item\">\n\t\t\t\t\t\t\t\t\t\t\t<span class=\"elementor-icon-list-icon\">\n\t\t\t\t\t\t\t<svg aria-hidden=\"true\" class=\"e-font-icon-svg e-fas-chevron-right\" viewBox=\"0 0 320 512\" xmlns=\"http:\/\/www.w3.org\/2000\/svg\"><path d=\"M285.476 272.971L91.132 467.314c-9.373 9.373-24.569 9.373-33.941 0l-22.667-22.667c-9.357-9.357-9.375-24.522-.04-33.901L188.505 256 34.484 101.255c-9.335-9.379-9.317-24.544.04-33.901l22.667-22.667c9.373-9.373 24.569-9.373 33.941 0L285.475 239.03c9.373 9.372 9.373 24.568.001 33.941z\"><\/path><\/svg>\t\t\t\t\t\t<\/span>\n\t\t\t\t\t\t\t\t\t\t<span class=\"elementor-icon-list-text\">Acerca de Nosotros<\/span>\n\t\t\t\t\t\t\t\t\t<\/li>\n\t\t\t\t\t\t<\/ul>\n\t\t\t\t<\/div>\n\t\t\t\t<\/div>\n\t\t\t\t\t<\/div>\n\t\t\t\t<\/div>\n\t\t<div class=\"elementor-element elementor-element-987e2b6 e-flex e-con-boxed elementor-invisible e-con e-parent\" data-id=\"987e2b6\" data-element_type=\"container\" data-settings=\"{&quot;background_background&quot;:&quot;classic&quot;,&quot;animation&quot;:&quot;fadeInUp&quot;}\">\n\t\t\t\t\t<div class=\"e-con-inner\">\n\t\t<div class=\"elementor-element elementor-element-69f569f e-con-full e-flex e-con e-child\" data-id=\"69f569f\" data-element_type=\"container\">\n\t\t\t\t<div class=\"elementor-element elementor-element-eccdae6 elementor-widget elementor-widget-image\" data-id=\"eccdae6\" data-element_type=\"widget\" data-widget_type=\"image.default\">\n\t\t\t\t<div class=\"elementor-widget-container\">\n\t\t\t\t\t\t\t\t\t\t\t\t\t<img fetchpriority=\"high\" decoding=\"async\" width=\"800\" height=\"800\" src=\"https:\/\/www.motoresypartesjancor.com\/wp-content\/uploads\/2025\/09\/jancor-partes-de-motores-rectificacion-01-1024x1024.jpg\" class=\"attachment-large size-large wp-image-766\" alt=\"\" srcset=\"https:\/\/www.motoresypartesjancor.com\/wp-content\/uploads\/2025\/09\/jancor-partes-de-motores-rectificacion-01-1024x1024.jpg 1024w, https:\/\/www.motoresypartesjancor.com\/wp-content\/uploads\/2025\/09\/jancor-partes-de-motores-rectificacion-01-300x300.jpg 300w, https:\/\/www.motoresypartesjancor.com\/wp-content\/uploads\/2025\/09\/jancor-partes-de-motores-rectificacion-01-150x150.jpg 150w, https:\/\/www.motoresypartesjancor.com\/wp-content\/uploads\/2025\/09\/jancor-partes-de-motores-rectificacion-01-768x768.jpg 768w, https:\/\/www.motoresypartesjancor.com\/wp-content\/uploads\/2025\/09\/jancor-partes-de-motores-rectificacion-01-1536x1536.jpg 1536w, https:\/\/www.motoresypartesjancor.com\/wp-content\/uploads\/2025\/09\/jancor-partes-de-motores-rectificacion-01-2048x2048.jpg 2048w\" sizes=\"(max-width: 800px) 100vw, 800px\" \/>\t\t\t\t\t\t\t\t\t\t\t\t\t<\/div>\n\t\t\t\t<\/div>\n\t\t\t\t<\/div>\n\t\t<div class=\"elementor-element elementor-element-ed177c3 e-con-full e-flex e-con e-child\" data-id=\"ed177c3\" data-element_type=\"container\">\n\t\t\t\t<div class=\"elementor-element elementor-element-c529516 elementor-widget elementor-widget-text-editor\" data-id=\"c529516\" data-element_type=\"widget\" data-widget_type=\"text-editor.default\">\n\t\t\t\t<div class=\"elementor-widget-container\">\n\t\t\t\t\t\t\t<h3>Importadora Motores y Partes (Inversiones Jancor)<\/h3><p>Jancor es una compa\u00f1\u00eda colombiana que importa, distribuye y comercializa repuestos y partes para motores de combusti\u00f3n interna en diferentes sectores como de Construcci\u00f3n, Agr\u00edcola y Vehicular del pa\u00eds. El sector en el que nos desempe\u00f1amos busca y exige experiencia, calidad y respaldo. Nuestra compa\u00f1\u00eda desde hace a\u00f1os ofrece al p\u00fablico estas caracter\u00edsticas junto a un excelente servicio comercial y atenci\u00f3n personalizada. Manejamos diversas marcas nacionales e internacionales, buscando siempre calidad y respaldo, ofreciendo a nuestros clientes un amplio cat\u00e1logo y variadas opciones para mantener sus equipos en \u00f3ptimas condiciones.<\/p>\t\t\t\t\t\t<\/div>\n\t\t\t\t<\/div>\n\t\t\t\t<\/div>\n\t\t\t\t\t<\/div>\n\t\t\t\t<\/div>\n\t\t<div class=\"elementor-element elementor-element-af83a94 e-flex e-con-boxed elementor-invisible e-con e-parent\" data-id=\"af83a94\" data-element_type=\"container\" data-settings=\"{&quot;background_background&quot;:&quot;classic&quot;,&quot;animation&quot;:&quot;fadeInUp&quot;}\">\n\t\t\t\t\t<div class=\"e-con-inner\">\n\t\t<div class=\"elementor-element elementor-element-c1b8573 e-con-full e-flex e-con e-child\" data-id=\"c1b8573\" data-element_type=\"container\">\n\t\t\t\t<div class=\"elementor-element elementor-element-aa4b0e4 elementor-position-left elementor-view-default elementor-mobile-position-top elementor-vertical-align-top elementor-widget elementor-widget-icon-box\" data-id=\"aa4b0e4\" data-element_type=\"widget\" data-widget_type=\"icon-box.default\">\n\t\t\t\t<div class=\"elementor-widget-container\">\n\t\t\t\t\t<div class=\"elementor-icon-box-wrapper\">\n\n\t\t\t\t\t\t<div class=\"elementor-icon-box-icon\">\n\t\t\t\t<span  class=\"elementor-icon elementor-animation-\">\n\t\t\t\t<svg xmlns=\"http:\/\/www.w3.org\/2000\/svg\" viewBox=\"0 0 82 82\"><defs><style>.cls-1{fill:#e60d1c;}<\/style><\/defs><g id=\"Capa_2\" data-name=\"Capa 2\"><g id=\"_3YxCag\" data-name=\"3YxCag\"><path class=\"cls-1\" d=\"M19.84,69.25l-.33.41a6.73,6.73,0,0,1-12.16-4c0-5.16,0-10.33,0-15.5a6.44,6.44,0,0,1,4.08-6.3,6.44,6.44,0,0,1,7.33,1.34l.25.2c.52-.47,1-1,1.55-1.39a12.72,12.72,0,0,1,6-2.89,5.59,5.59,0,0,1,.91-.08c4.53,0,9.07,0,13.6,0a6.72,6.72,0,0,1,.17,13.44c-2.62,0-5.24,0-7.86,0-1,0-1.32.23-1.33,1s.41,1.23,1.34,1.23c3,0,5.94,0,8.91,0a1.88,1.88,0,0,0,.85-.24c6.71-3.59,13.42-7.17,20.11-10.8A12.35,12.35,0,0,1,66.76,44a6.75,6.75,0,0,1,7.36,4,6.61,6.61,0,0,1-2.24,8Q60.71,63.86,49.54,71.67a3.91,3.91,0,0,1-2.41.76q-10,0-20.05,0A7.52,7.52,0,0,1,22.54,71C21.67,70.42,20.76,69.85,19.84,69.25ZM36.6,67.93c3.25,0,6.5,0,9.75,0a2.34,2.34,0,0,0,1.21-.38Q58.38,60,69.17,52.46a2.17,2.17,0,0,0,.59-3.12,2.25,2.25,0,0,0-3.22-.45,7.09,7.09,0,0,1-.75.51q-10.65,5.73-21.3,11.41a3.35,3.35,0,0,1-1.53.37c-3.22,0-6.45,0-9.67,0-4.93,0-6.58-4.29-5.38-7.8A5.28,5.28,0,0,1,33.06,50c2.61,0,5.23,0,7.85,0a2.24,2.24,0,1,0,0-4.48c-4.26,0-8.51,0-12.76,0a6.35,6.35,0,0,0-3.63,1.09,10.65,10.65,0,0,0-3.4,3.57,1.8,1.8,0,0,0-.25.91c0,4.3,0,8.6,0,12.9a.88.88,0,0,0,.45.85c1.32.85,2.58,1.77,3.93,2.57a3.79,3.79,0,0,0,1.82.55C30.2,68,33.4,67.93,36.6,67.93ZM16.32,57.85c0-2.55,0-5.09,0-7.64a2.25,2.25,0,1,0-4.48,0q0,7.62,0,15.22a2.26,2.26,0,1,0,4.49,0Z\"><\/path><path class=\"cls-1\" d=\"M44,26a3.12,3.12,0,0,0-.38-.69c-1.17-1.34-2.37-2.65-3.54-4-1.44-1.63-.79-3.55,1.33-4,1.76-.37,3.52-.74,5.27-1.15a1.27,1.27,0,0,0,.72-.55c.93-1.54,1.82-3.1,2.73-4.65a2.27,2.27,0,0,1,4.17,0c.92,1.55,1.8,3.12,2.73,4.65a1.42,1.42,0,0,0,.79.57c1.73.41,3.47.76,5.2,1.14,2.17.48,2.78,2.37,1.3,4-1.18,1.34-2.38,2.65-3.54,4a1.3,1.3,0,0,0-.28.87c.14,1.79.34,3.58.53,5.37a2.26,2.26,0,0,1-1.93,2.75,2.94,2.94,0,0,1-1.42-.26c-1.65-.69-3.28-1.45-4.94-2.14a1.44,1.44,0,0,0-1,0c-1.64.67-3.25,1.41-4.88,2.12-2,.89-3.65-.33-3.4-2.54.1-.88.18-1.77.27-2.65S43.89,27.09,44,26Zm4.25,2.54c1-.43,1.82-.76,2.63-1.17a2.77,2.77,0,0,1,2.68,0c.82.41,1.68.74,2.63,1.15-.1-1-.16-1.86-.29-2.71a2.93,2.93,0,0,1,.87-2.74c.64-.63,1.2-1.34,1.87-2.09-1.08-.24-2-.47-3-.65a2.6,2.6,0,0,1-1.9-1.39c-.47-.85-1-1.68-1.53-2.62-.5.84-1,1.56-1.35,2.32a3,3,0,0,1-2.43,1.77c-.85.13-1.69.37-2.63.58.68.77,1.24,1.46,1.86,2.08a3,3,0,0,1,.87,2.75C48.42,26.65,48.36,27.51,48.26,28.51Z\"><\/path><path class=\"cls-1\" d=\"M27.58,20.8a2.26,2.26,0,0,1,1.82,1c.54.73,1.05,1.49,1.63,2.19a2.66,2.66,0,0,0,1,.71c.84.33,1.73.56,2.59.87a2.14,2.14,0,0,1,1.08,3.49,7.81,7.81,0,0,0-2,6.14,2.15,2.15,0,0,1-2.9,2.16c-.92-.26-1.82-.61-2.74-.85a2.15,2.15,0,0,0-1.07,0c-.88.23-1.73.56-2.6.81a2.17,2.17,0,0,1-3-2.24,7.58,7.58,0,0,0-1.93-5.94,2.13,2.13,0,0,1,1.2-3.61,7.14,7.14,0,0,0,5-3.65A2.11,2.11,0,0,1,27.58,20.8Zm-.06,6a3.73,3.73,0,0,1-2.84,2.11,3.64,3.64,0,0,1,1.13,3.32,3.84,3.84,0,0,1,3.52,0,3.72,3.72,0,0,1,1-3.34A3.69,3.69,0,0,1,27.52,26.77Z\"><\/path><\/g><\/g><\/svg>\t\t\t\t<\/span>\n\t\t\t<\/div>\n\t\t\t\n\t\t\t\t\t\t<div class=\"elementor-icon-box-content\">\n\n\t\t\t\t\t\t\t\t\t<h4 class=\"elementor-icon-box-title\">\n\t\t\t\t\t\t<span  >\n\t\t\t\t\t\t\tATENCION ESPECIALIZADA:\t\t\t\t\t\t<\/span>\n\t\t\t\t\t<\/h4>\n\t\t\t\t\n\t\t\t\t\t\t\t\t\t<p class=\"elementor-icon-box-description\">\n\t\t\t\t\t\tEn nuestro equipo, contamos con personal altamente calificado y comprometido con la excelencia. Estamos dedicados a proporcionar un servicio que no solo sea eficiente y efectivo, sino que tambi\u00e9n supere constantemente las expectativas de nuestros clientes. Nuestra trayectoria est\u00e1 s\u00f3lidamente fundamentada en la garant\u00eda de productos y servicios de la m\u00e1s alta calidad y brindando una asesor\u00eda personalizada que asegure la plena satisfacci\u00f3n de quienes conf\u00edan en nosotros.\t\t\t\t\t<\/p>\n\t\t\t\t\n\t\t\t<\/div>\n\t\t\t\n\t\t<\/div>\n\t\t\t\t<\/div>\n\t\t\t\t<\/div>\n\t\t\t\t<\/div>\n\t\t\t\t\t<\/div>\n\t\t\t\t<\/div>\n\t\t<div class=\"elementor-element elementor-element-c23a054 e-flex e-con-boxed e-con e-parent\" data-id=\"c23a054\" data-element_type=\"container\" data-settings=\"{&quot;background_background&quot;:&quot;classic&quot;}\">\n\t\t\t\t\t<div class=\"e-con-inner\">\n\t\t<div class=\"elementor-element elementor-element-6f7ab41 e-con-full e-flex e-con e-child\" data-id=\"6f7ab41\" data-element_type=\"container\">\n\t\t\t\t<div class=\"elementor-element elementor-element-58ff65e elementor-widget elementor-widget-heading\" data-id=\"58ff65e\" data-element_type=\"widget\" data-widget_type=\"heading.default\">\n\t\t\t\t<div class=\"elementor-widget-container\">\n\t\t\t<h2 class=\"elementor-heading-title elementor-size-default\">Partes para diversas marcas <\/h2>\t\t<\/div>\n\t\t\t\t<\/div>\n\t\t\t\t<div class=\"elementor-element elementor-element-bcab411 elementor-widget elementor-widget-text-editor\" data-id=\"bcab411\" data-element_type=\"widget\" data-widget_type=\"text-editor.default\">\n\t\t\t\t<div class=\"elementor-widget-container\">\n\t\t\t\t\t\t\t<h6>Experiencia en motores di\u00e9sel para diversas l\u00edneas vehiculares, de maquinaria y estacionarios. Especializados en marcas europeas, asi\u00e1ticas y americanas, sin dejar de lado todo el mundo di\u00e9sel.<\/h6>\t\t\t\t\t\t<\/div>\n\t\t\t\t<\/div>\n\t\t\t\t<\/div>\n\t\t<div class=\"elementor-element elementor-element-107b89e e-con-full e-flex elementor-invisible e-con e-child\" data-id=\"107b89e\" data-element_type=\"container\" data-settings=\"{&quot;animation&quot;:&quot;fadeInUp&quot;}\">\n\t\t\t\t<div class=\"elementor-element elementor-element-6248413 elementor-arrows-position-outside elementor-widget elementor-widget-image-carousel\" data-id=\"6248413\" data-element_type=\"widget\" data-settings=\"{&quot;slides_to_show&quot;:&quot;4&quot;,&quot;slides_to_scroll&quot;:&quot;1&quot;,&quot;navigation&quot;:&quot;arrows&quot;,&quot;autoplay&quot;:&quot;yes&quot;,&quot;pause_on_hover&quot;:&quot;yes&quot;,&quot;pause_on_interaction&quot;:&quot;yes&quot;,&quot;autoplay_speed&quot;:5000,&quot;infinite&quot;:&quot;yes&quot;,&quot;speed&quot;:500,&quot;image_spacing_custom&quot;:{&quot;unit&quot;:&quot;px&quot;,&quot;size&quot;:20,&quot;sizes&quot;:[]},&quot;image_spacing_custom_tablet&quot;:{&quot;unit&quot;:&quot;px&quot;,&quot;size&quot;:&quot;&quot;,&quot;sizes&quot;:[]},&quot;image_spacing_custom_mobile&quot;:{&quot;unit&quot;:&quot;px&quot;,&quot;size&quot;:&quot;&quot;,&quot;sizes&quot;:[]}}\" data-widget_type=\"image-carousel.default\">\n\t\t\t\t<div class=\"elementor-widget-container\">\n\t\t\t\t\t<div class=\"elementor-image-carousel-wrapper swiper\" dir=\"ltr\">\n\t\t\t<div class=\"elementor-image-carousel swiper-wrapper\" aria-live=\"off\">\n\t\t\t\t\t\t\t\t<div class=\"swiper-slide\" role=\"group\" aria-roledescription=\"slide\" aria-label=\"1 of 23\"><figure class=\"swiper-slide-inner\"><img decoding=\"async\" class=\"swiper-slide-image\" src=\"https:\/\/www.motoresypartesjancor.com\/wp-content\/uploads\/2024\/09\/logos-marcas-jancor-19.jpg\" alt=\"logos-marcas-jancor-19\" \/><\/figure><\/div><div class=\"swiper-slide\" role=\"group\" aria-roledescription=\"slide\" aria-label=\"2 of 23\"><figure class=\"swiper-slide-inner\"><img decoding=\"async\" class=\"swiper-slide-image\" src=\"https:\/\/www.motoresypartesjancor.com\/wp-content\/uploads\/2024\/09\/logos-marcas-jancor-20.jpg\" alt=\"logos-marcas-jancor-20\" \/><\/figure><\/div><div class=\"swiper-slide\" role=\"group\" aria-roledescription=\"slide\" aria-label=\"3 of 23\"><figure class=\"swiper-slide-inner\"><img decoding=\"async\" class=\"swiper-slide-image\" src=\"https:\/\/www.motoresypartesjancor.com\/wp-content\/uploads\/2024\/09\/logos-marcas-jancor-21.jpg\" alt=\"logos-marcas-jancor-21\" \/><\/figure><\/div><div class=\"swiper-slide\" role=\"group\" aria-roledescription=\"slide\" aria-label=\"4 of 23\"><figure class=\"swiper-slide-inner\"><img decoding=\"async\" class=\"swiper-slide-image\" src=\"https:\/\/www.motoresypartesjancor.com\/wp-content\/uploads\/2025\/09\/logo-web-jancor-79.jpg\" alt=\"logo-web-jancor-79\" \/><\/figure><\/div><div class=\"swiper-slide\" role=\"group\" aria-roledescription=\"slide\" aria-label=\"5 of 23\"><figure class=\"swiper-slide-inner\"><img decoding=\"async\" class=\"swiper-slide-image\" src=\"https:\/\/www.motoresypartesjancor.com\/wp-content\/uploads\/2025\/09\/logo-web-jancor-78.jpg\" alt=\"logo-web-jancor-78\" \/><\/figure><\/div><div class=\"swiper-slide\" role=\"group\" aria-roledescription=\"slide\" aria-label=\"6 of 23\"><figure class=\"swiper-slide-inner\"><img decoding=\"async\" class=\"swiper-slide-image\" src=\"https:\/\/www.motoresypartesjancor.com\/wp-content\/uploads\/2025\/08\/logos-web-jancor-30-2.jpg\" alt=\"logos-web-jancor-30\" \/><\/figure><\/div><div class=\"swiper-slide\" role=\"group\" aria-roledescription=\"slide\" aria-label=\"7 of 23\"><figure class=\"swiper-slide-inner\"><img decoding=\"async\" class=\"swiper-slide-image\" src=\"https:\/\/www.motoresypartesjancor.com\/wp-content\/uploads\/2025\/08\/logos-web-jancor-31-2.jpg\" alt=\"logos-web-jancor-31\" \/><\/figure><\/div><div class=\"swiper-slide\" role=\"group\" aria-roledescription=\"slide\" aria-label=\"8 of 23\"><figure class=\"swiper-slide-inner\"><img decoding=\"async\" class=\"swiper-slide-image\" src=\"https:\/\/www.motoresypartesjancor.com\/wp-content\/uploads\/2025\/08\/logos-web-jancor-32-2.jpg\" alt=\"logos-web-jancor-32\" \/><\/figure><\/div><div class=\"swiper-slide\" role=\"group\" aria-roledescription=\"slide\" aria-label=\"9 of 23\"><figure class=\"swiper-slide-inner\"><img decoding=\"async\" class=\"swiper-slide-image\" src=\"https:\/\/www.motoresypartesjancor.com\/wp-content\/uploads\/2025\/08\/logos-web-jancor-33-2.jpg\" alt=\"logos-web-jancor-33\" \/><\/figure><\/div><div class=\"swiper-slide\" role=\"group\" aria-roledescription=\"slide\" aria-label=\"10 of 23\"><figure class=\"swiper-slide-inner\"><img decoding=\"async\" class=\"swiper-slide-image\" src=\"https:\/\/www.motoresypartesjancor.com\/wp-content\/uploads\/2025\/08\/logos-web-jancor-34-2.jpg\" alt=\"logos-web-jancor-34\" \/><\/figure><\/div><div class=\"swiper-slide\" role=\"group\" aria-roledescription=\"slide\" aria-label=\"11 of 23\"><figure class=\"swiper-slide-inner\"><img decoding=\"async\" class=\"swiper-slide-image\" src=\"https:\/\/www.motoresypartesjancor.com\/wp-content\/uploads\/2025\/08\/logos-web-jancor-35-2.jpg\" alt=\"logos-web-jancor-35\" \/><\/figure><\/div><div class=\"swiper-slide\" role=\"group\" aria-roledescription=\"slide\" aria-label=\"12 of 23\"><figure class=\"swiper-slide-inner\"><img decoding=\"async\" class=\"swiper-slide-image\" src=\"https:\/\/www.motoresypartesjancor.com\/wp-content\/uploads\/2025\/08\/logos-web-jancor-36-2.jpg\" alt=\"logos-web-jancor-36\" \/><\/figure><\/div><div class=\"swiper-slide\" role=\"group\" aria-roledescription=\"slide\" aria-label=\"13 of 23\"><figure class=\"swiper-slide-inner\"><img decoding=\"async\" class=\"swiper-slide-image\" src=\"https:\/\/www.motoresypartesjancor.com\/wp-content\/uploads\/2025\/08\/logos-web-jancor-37-2.jpg\" alt=\"logos-web-jancor-37\" \/><\/figure><\/div><div class=\"swiper-slide\" role=\"group\" aria-roledescription=\"slide\" aria-label=\"14 of 23\"><figure class=\"swiper-slide-inner\"><img decoding=\"async\" class=\"swiper-slide-image\" src=\"https:\/\/www.motoresypartesjancor.com\/wp-content\/uploads\/2025\/08\/logos-web-jancor-38-2.jpg\" alt=\"logos-web-jancor-38\" \/><\/figure><\/div><div class=\"swiper-slide\" role=\"group\" aria-roledescription=\"slide\" aria-label=\"15 of 23\"><figure class=\"swiper-slide-inner\"><img decoding=\"async\" class=\"swiper-slide-image\" src=\"https:\/\/www.motoresypartesjancor.com\/wp-content\/uploads\/2025\/08\/logos-web-jancor-39-2.jpg\" alt=\"logos-web-jancor-39\" \/><\/figure><\/div><div class=\"swiper-slide\" role=\"group\" aria-roledescription=\"slide\" aria-label=\"16 of 23\"><figure class=\"swiper-slide-inner\"><img decoding=\"async\" class=\"swiper-slide-image\" src=\"https:\/\/www.motoresypartesjancor.com\/wp-content\/uploads\/2025\/08\/logos-web-jancor-40-2.jpg\" alt=\"logos-web-jancor-40\" \/><\/figure><\/div><div class=\"swiper-slide\" role=\"group\" aria-roledescription=\"slide\" aria-label=\"17 of 23\"><figure class=\"swiper-slide-inner\"><img decoding=\"async\" class=\"swiper-slide-image\" src=\"https:\/\/www.motoresypartesjancor.com\/wp-content\/uploads\/2025\/08\/logos-web-jancor-41-2.jpg\" alt=\"logos-web-jancor-41\" \/><\/figure><\/div><div class=\"swiper-slide\" role=\"group\" aria-roledescription=\"slide\" aria-label=\"18 of 23\"><figure class=\"swiper-slide-inner\"><img decoding=\"async\" class=\"swiper-slide-image\" src=\"https:\/\/www.motoresypartesjancor.com\/wp-content\/uploads\/2025\/08\/logos-web-jancor-42-2.jpg\" alt=\"logos-web-jancor-42\" \/><\/figure><\/div><div class=\"swiper-slide\" role=\"group\" aria-roledescription=\"slide\" aria-label=\"19 of 23\"><figure class=\"swiper-slide-inner\"><img decoding=\"async\" class=\"swiper-slide-image\" src=\"https:\/\/www.motoresypartesjancor.com\/wp-content\/uploads\/2025\/08\/logos-web-jancor-43-2.jpg\" alt=\"logos-web-jancor-43\" \/><\/figure><\/div><div class=\"swiper-slide\" role=\"group\" aria-roledescription=\"slide\" aria-label=\"20 of 23\"><figure class=\"swiper-slide-inner\"><img decoding=\"async\" class=\"swiper-slide-image\" src=\"https:\/\/www.motoresypartesjancor.com\/wp-content\/uploads\/2025\/08\/logos-web-jancor-45-2.jpg\" alt=\"logos-web-jancor-45\" \/><\/figure><\/div><div class=\"swiper-slide\" role=\"group\" aria-roledescription=\"slide\" aria-label=\"21 of 23\"><figure class=\"swiper-slide-inner\"><img decoding=\"async\" class=\"swiper-slide-image\" src=\"https:\/\/www.motoresypartesjancor.com\/wp-content\/uploads\/2025\/08\/logos-web-jancor-46-2.jpg\" alt=\"logos-web-jancor-46\" \/><\/figure><\/div><div class=\"swiper-slide\" role=\"group\" aria-roledescription=\"slide\" aria-label=\"22 of 23\"><figure class=\"swiper-slide-inner\"><img decoding=\"async\" class=\"swiper-slide-image\" src=\"https:\/\/www.motoresypartesjancor.com\/wp-content\/uploads\/2025\/08\/logos-web-jancor-47-2.jpg\" alt=\"logos-web-jancor-47\" \/><\/figure><\/div><div class=\"swiper-slide\" role=\"group\" aria-roledescription=\"slide\" aria-label=\"23 of 23\"><figure class=\"swiper-slide-inner\"><img decoding=\"async\" class=\"swiper-slide-image\" src=\"https:\/\/www.motoresypartesjancor.com\/wp-content\/uploads\/2025\/08\/logos-web-jancor-48-2.jpg\" alt=\"logos-web-jancor-48\" \/><\/figure><\/div>\t\t\t<\/div>\n\t\t\t\t\t\t\t\t\t\t\t\t<div class=\"elementor-swiper-button elementor-swiper-button-prev\" role=\"button\" tabindex=\"0\">\n\t\t\t\t\t\t<svg aria-hidden=\"true\" class=\"e-font-icon-svg e-eicon-chevron-left\" viewBox=\"0 0 1000 1000\" xmlns=\"http:\/\/www.w3.org\/2000\/svg\"><path d=\"M646 125C629 125 613 133 604 142L308 442C296 454 292 471 292 487 292 504 296 521 308 533L604 854C617 867 629 875 646 875 663 875 679 871 692 858 704 846 713 829 713 812 713 796 708 779 692 767L438 487 692 225C700 217 708 204 708 187 708 171 704 154 692 142 675 129 663 125 646 125Z\"><\/path><\/svg>\t\t\t\t\t<\/div>\n\t\t\t\t\t<div class=\"elementor-swiper-button elementor-swiper-button-next\" role=\"button\" tabindex=\"0\">\n\t\t\t\t\t\t<svg aria-hidden=\"true\" class=\"e-font-icon-svg e-eicon-chevron-right\" viewBox=\"0 0 1000 1000\" xmlns=\"http:\/\/www.w3.org\/2000\/svg\"><path d=\"M696 533C708 521 713 504 713 487 713 471 708 454 696 446L400 146C388 133 375 125 354 125 338 125 325 129 313 142 300 154 292 171 292 187 292 204 296 221 308 233L563 492 304 771C292 783 288 800 288 817 288 833 296 850 308 863 321 871 338 875 354 875 371 875 388 867 400 854L696 533Z\"><\/path><\/svg>\t\t\t\t\t<\/div>\n\t\t\t\t\n\t\t\t\t\t\t\t\t\t<\/div>\n\t\t\t\t<\/div>\n\t\t\t\t<\/div>\n\t\t\t\t<\/div>\n\t\t\t\t\t<\/div>\n\t\t\t\t<\/div>\n\t\t\t\t<\/div>\n\t\t","protected":false},"excerpt":{"rendered":"<p>NOSOTROS Home Acerca de Nosotros Importadora Motores y Partes (Inversiones Jancor) Jancor es una compa\u00f1\u00eda colombiana que importa, distribuye y comercializa repuestos y partes para motores de combusti\u00f3n interna en diferentes sectores como de Construcci\u00f3n, Agr\u00edcola y Vehicular del pa\u00eds. El sector en el que nos desempe\u00f1amos busca y exige experiencia, calidad y respaldo. Nuestra [&hellip;]<\/p>\n","protected":false},"author":1,"featured_media":0,"parent":0,"menu_order":0,"comment_status":"closed","ping_status":"closed","template":"","meta":{"footnotes":""},"class_list":["post-180","page","type-page","status-publish","hentry"],"_links":{"self":[{"href":"https:\/\/www.motoresypartesjancor.com\/index.php?rest_route=\/wp\/v2\/pages\/180","targetHints":{"allow":["GET"]}}],"collection":[{"href":"https:\/\/www.motoresypartesjancor.com\/index.php?rest_route=\/wp\/v2\/pages"}],"about":[{"href":"https:\/\/www.motoresypartesjancor.com\/index.php?rest_route=\/wp\/v2\/types\/page"}],"author":[{"embeddable":true,"href":"https:\/\/www.motoresypartesjancor.com\/index.php?rest_route=\/wp\/v2\/users\/1"}],"replies":[{"embeddable":true,"href":"https:\/\/www.motoresypartesjancor.com\/index.php?rest_route=%2Fwp%2Fv2%2Fcomments&post=180"}],"version-history":[{"count":61,"href":"https:\/\/www.motoresypartesjancor.com\/index.php?rest_route=\/wp\/v2\/pages\/180\/revisions"}],"predecessor-version":[{"id":823,"href":"https:\/\/www.motoresypartesjancor.com\/index.php?rest_route=\/wp\/v2\/pages\/180\/revisions\/823"}],"wp:attachment":[{"href":"https:\/\/www.motoresypartesjancor.com\/index.php?rest_route=%2Fwp%2Fv2%2Fmedia&parent=180"}],"curies":[{"name":"wp","href":"https:\/\/api.w.org\/{rel}","templated":true}]}}